{"id":4315,"date":"2015-10-21T12:01:27","date_gmt":"2015-10-21T10:01:27","guid":{"rendered":"https:\/\/www.vitali.com\/fr\/politica-per-la-qualita\/"},"modified":"2020-12-11T09:49:45","modified_gmt":"2020-12-11T08:49:45","slug":"politique-dassurance-qualite","status":"publish","type":"page","link":"https:\/\/www.vitali.com\/fr\/politique-dassurance-qualite\/","title":{"rendered":"Politique d&rsquo;assurance qualit\u00e9"},"content":{"rendered":"<div class=\"fusion-fullwidth fullwidth-box fusion-builder-row-1 nonhundred-percent-fullwidth non-hundred-percent-height-scrolling fusion-equal-height-columns gradient-container-1\" style=\"--awb-background-position:left top;--awb-border-sizes-top:0px;--awb-border-sizes-bottom:0px;--awb-border-sizes-left:0px;--awb-border-sizes-right:0px;--awb-border-radius-top-left:0px;--awb-border-radius-top-right:0px;--awb-border-radius-bottom-right:0px;--awb-border-radius-bottom-left:0px;--awb-padding-top:0px;--awb-padding-bottom:10px;--awb-flex-wrap:wrap;\" ><div class=\"fusion-builder-row fusion-row\"><div class=\"fusion-layout-column fusion_builder_column fusion-builder-column-0 fusion_builder_column_1_1 1_1 fusion-one-full fusion-column-first fusion-column-last fusion-column-no-min-height\" style=\"--awb-bg-size:cover;--awb-margin-bottom:0px;\"><div class=\"fusion-column-wrapper fusion-flex-column-wrapper-legacy\"><div class=\"fusion-text fusion-text-1\"><h1>POLITIQUE D&rsquo;ASSURANCE QUALIT\u00c9<\/h1>\n<\/div><div class=\"fusion-clearfix\"><\/div><\/div><\/div><div class=\"fusion-layout-column fusion_builder_column fusion-builder-column-1 fusion_builder_column_1_1 1_1 fusion-one-full fusion-column-first fusion-column-last\" style=\"--awb-padding-top:25px;--awb-padding-right:25px;--awb-padding-bottom:25px;--awb-padding-left:25px;--awb-bg-color:#ffffff;--awb-bg-color-hover:#ffffff;--awb-bg-size:cover;--awb-border-color:#e2e2e2;--awb-border-top:0px;--awb-border-right:0px;--awb-border-bottom:0px;--awb-border-left:0px;--awb-border-style:solid;--awb-margin-bottom:0px;\"><div class=\"fusion-column-wrapper fusion-flex-column-wrapper-legacy\"><div class=\"fusion-column-content-centered\"><div class=\"fusion-column-content\"><div class=\"fusion-text fusion-text-2\"><p><strong>VITALI<\/strong> con\u00e7oit, fabrique et commercialise des \u00e9quipements dentaires, selon la directive 47\/2007\/CE.<\/p>\n<\/div><div class=\"fusion-image-element fusion-image-align-right in-legacy-container\" style=\"text-align:right;--awb-max-width:400px;--awb-caption-title-font-family:var(--h2_typography-font-family);--awb-caption-title-font-weight:var(--h2_typography-font-weight);--awb-caption-title-font-style:var(--h2_typography-font-style);--awb-caption-title-size:var(--h2_typography-font-size);--awb-caption-title-transform:var(--h2_typography-text-transform);--awb-caption-title-line-height:var(--h2_typography-line-height);--awb-caption-title-letter-spacing:var(--h2_typography-letter-spacing);\"><span class=\" fusion-imageframe imageframe-none imageframe-1 hover-type-none\" style=\"margin-left:25px;float:right;\"><img decoding=\"async\" width=\"520\" height=\"500\" title=\"bollo-2020\" src=\"https:\/\/www.vitali.com\/wp-content\/uploads\/2020\/11\/bollo-2020.png\" alt class=\"img-responsive wp-image-12917\" srcset=\"https:\/\/www.vitali.com\/wp-content\/uploads\/2020\/11\/bollo-2020-200x192.png 200w, https:\/\/www.vitali.com\/wp-content\/uploads\/2020\/11\/bollo-2020-400x385.png 400w, https:\/\/www.vitali.com\/wp-content\/uploads\/2020\/11\/bollo-2020.png 520w\" sizes=\"(max-width: 800px) 100vw, 520px\" \/><\/span><\/div><div class=\"fusion-text fusion-text-3\"><p>L&rsquo;entreprise s&rsquo;engage \u00e0 :<\/p>\n<ul style=\"margin-bottom: 0;\">\n<li>pr\u00e9senter sur le march\u00e9 des produits conformes aux normes techniques et l\u00e9gales applicables;<\/li>\n<li>g\u00e9rer les risques associ\u00e9s \u00e0 l&rsquo;utilisation des produits et v\u00e9rifier l&rsquo;efficacit\u00e9 du processus concern\u00e9;<\/li>\n<li>respecter les lois, r\u00e8glements et normes concern\u00e9s aux niveaux europ\u00e9en, national, r\u00e9gional et local;<\/li>\n<li>respecter les normes volontaires adopt\u00e9es et les documents prescriptifs d\u00e9finis par l&rsquo;entreprise (manuels, proc\u00e9dures, documents d&rsquo;origine tierce, etc.);<\/li>\n<li>G\u00e9rer la s\u00e9curit\u00e9 et la protection de la sant\u00e9 des collaborateurs en tant que partie int\u00e9grante de la gestion g\u00e9n\u00e9rale de l&rsquo;organisation impliquant tout le personnel, y compris dans la formation, l&rsquo;apprentissage et l&rsquo;instruction, en s\u2019engageant \u00e0 l\u2019am\u00e9lioration rationnelle et constante des conditions de sant\u00e9 et de s\u00e9curit\u00e9, dans l&rsquo;optique d&rsquo;une pr\u00e9vention et r\u00e9duction des accidents et maladies professionnelles;<\/li>\n<li>Am\u00e9liorer sa structure organisationnelle visant \u00e0 une r\u00e9duction de la charge administrative, un dynamisme \u00e9lev\u00e9, une valorisation et une sensibilisation des ressources humaines disponibles;<\/li>\n<li>g\u00e9rer les ressources humaines dans le respect des crit\u00e8res de transparence, d&rsquo;\u00e9thique et de responsabilit\u00e9 sociale;<\/li>\n<li>satisfaire aux exigences du syst\u00e8me d&rsquo;assurance qualit\u00e9 et pr\u00e9server l&rsquo;efficacit\u00e9 \u00e0 long terme, dans le but d&rsquo;obtenir et de maintenir un succ\u00e8s durable et la satisfaction de toutes la parties prenantes;<\/li>\n<li>R\u00e9examiner et am\u00e9liorer en continu autant les processus individuels que les syst\u00e8mes de gestion de la qualit\u00e9 et de la s\u00e9curit\u00e9, en introduisant des \u00e9l\u00e9ments en mesure de fournir des garanties de contr\u00f4le suffisant y compris dans des conditions de haute variabilit\u00e9 pour des motifs externes;<\/li>\n<li>collaborer avec les fournisseurs, institutions et administrations, autorit\u00e9s de contr\u00f4les et organisations sociales dans la gestion des probl\u00e9matiques associ\u00e9es \u00e0 la sant\u00e9 et la s\u00e9curit\u00e9 de toutes les parties prenantes fr\u00e9quentant ou susceptibles de fr\u00e9quenter les lieux de travail de l&rsquo;entreprise;<\/li>\n<\/ul>\n<\/div><div class=\"fusion-image-element fusion-image-align-right in-legacy-container\" style=\"text-align:right;--awb-caption-title-font-family:var(--h2_typography-font-family);--awb-caption-title-font-weight:var(--h2_typography-font-weight);--awb-caption-title-font-style:var(--h2_typography-font-style);--awb-caption-title-size:var(--h2_typography-font-size);--awb-caption-title-transform:var(--h2_typography-text-transform);--awb-caption-title-line-height:var(--h2_typography-line-height);--awb-caption-title-letter-spacing:var(--h2_typography-letter-spacing);\"><span class=\" fusion-imageframe imageframe-none imageframe-2 hover-type-none\" style=\"margin-left:25px;float:right;\"><img decoding=\"async\" width=\"359\" height=\"272\" title=\"cert-vitali_2019\" src=\"https:\/\/www.vitali.com\/wp-content\/uploads\/2019\/02\/cert-vitali_2019.png\" alt class=\"img-responsive wp-image-9346\" srcset=\"https:\/\/www.vitali.com\/wp-content\/uploads\/2019\/02\/cert-vitali_2019-200x152.png 200w, https:\/\/www.vitali.com\/wp-content\/uploads\/2019\/02\/cert-vitali_2019.png 359w\" sizes=\"(max-width: 800px) 100vw, 359px\" \/><\/span><\/div><div class=\"fusion-text fusion-text-4\"><ul style=\"margin-top: 0;\">\n<li>prot\u00e9ger l&rsquo;environnement dans les limites de sa comp\u00e9tence, en promouvant ce principe \u00e9galement aupr\u00e8s de toutes les parties prenantes;<\/li>\n<li>am\u00e9liorer constamment son image y compris aupr\u00e8s des clients, des utilisateurs et des collaborateurs internes ;<\/li>\n<li>promouvoir l&rsquo;innovation entrepreneuriale en identifiant constamment les exigences futures en technologies et ressources ;<\/li>\n<li>d\u00e9fendre la politique, la strat\u00e9gie et les principes des syst\u00e8mes adopt\u00e9s, dans le but d&rsquo;impliquer toutes les parties prenantes dans l&rsquo;obtention des objectifs fix\u00e9s;<\/li>\n<li>mettre \u00e0 jour au besoin sa politique et les strat\u00e9gies concern\u00e9es.<\/li>\n<\/ul>\n<p><strong>Marco Vitali<\/strong> Administrateur unique<\/p>\n<\/div><\/div><\/div><div class=\"fusion-clearfix\"><\/div><\/div><\/div><\/div><\/div>\n","protected":false},"excerpt":{"rendered":"","protected":false},"author":1,"featured_media":0,"parent":0,"menu_order":0,"comment_status":"closed","ping_status":"closed","template":"100-width.php","meta":{"footnotes":""},"class_list":["post-4315","page","type-page","status-publish","hentry"],"_links":{"self":[{"href":"https:\/\/www.vitali.com\/fr\/wp-json\/wp\/v2\/pages\/4315","targetHints":{"allow":["GET"]}}],"collection":[{"href":"https:\/\/www.vitali.com\/fr\/wp-json\/wp\/v2\/pages"}],"about":[{"href":"https:\/\/www.vitali.com\/fr\/wp-json\/wp\/v2\/types\/page"}],"author":[{"embeddable":true,"href":"https:\/\/www.vitali.com\/fr\/wp-json\/wp\/v2\/users\/1"}],"replies":[{"embeddable":true,"href":"https:\/\/www.vitali.com\/fr\/wp-json\/wp\/v2\/comments?post=4315"}],"version-history":[{"count":0,"href":"https:\/\/www.vitali.com\/fr\/wp-json\/wp\/v2\/pages\/4315\/revisions"}],"wp:attachment":[{"href":"https:\/\/www.vitali.com\/fr\/wp-json\/wp\/v2\/media?parent=4315"}],"curies":[{"name":"wp","href":"https:\/\/api.w.org\/{rel}","templated":true}]}}