{"id":11387,"date":"2020-12-09T15:48:15","date_gmt":"2020-12-09T14:48:15","guid":{"rendered":"https:\/\/www.vitali.com\/?page_id=11387"},"modified":"2023-01-16T20:41:39","modified_gmt":"2023-01-16T19:41:39","slug":"nos-points-forts","status":"publish","type":"page","link":"https:\/\/www.vitali.com\/fr\/fauteuils-dentaires\/nos-points-forts\/","title":{"rendered":"Nos points forts"},"content":{"rendered":"<p><div class=\"fusion-fullwidth fullwidth-box fusion-builder-row-1 nonhundred-percent-fullwidth non-hundred-percent-height-scrolling fusion-equal-height-columns gradient-container-1\" style=\"--awb-background-position:left top;--awb-border-sizes-top:0px;--awb-border-sizes-bottom:0px;--awb-border-sizes-left:0px;--awb-border-sizes-right:0px;--awb-border-radius-top-left:0px;--awb-border-radius-top-right:0px;--awb-border-radius-bottom-right:0px;--awb-border-radius-bottom-left:0px;--awb-padding-top:0px;--awb-padding-bottom:0px;--awb-flex-wrap:wrap;\" ><div class=\"fusion-builder-row fusion-row\"><div class=\"fusion-layout-column fusion_builder_column fusion-builder-column-0 fusion_builder_column_1_1 1_1 fusion-one-full fusion-column-first fusion-column-last fusion-column-no-min-height\" style=\"--awb-bg-size:cover;--awb-margin-bottom:0px;\"><div class=\"fusion-column-wrapper fusion-flex-column-wrapper-legacy\"><div class=\"fusion-text fusion-text-1\"><h1 style=\"text-transform: uppercase;\">Nos points forts<\/h1>\n<h4>Des unit\u00e9s qui durent toute une vie, haute qualit\u00e9 \u00e0 un co\u00fbt durable, proximit\u00e9 avec le client et am\u00e9lioration continue: ce sont les principales raisons de nous choisir.<\/h4>\n<\/div><div class=\"fusion-clearfix\"><\/div><\/div><\/div><\/div><\/div><div class=\"fusion-fullwidth fullwidth-box fusion-builder-row-2 nonhundred-percent-fullwidth non-hundred-percent-height-scrolling fusion-equal-height-columns gradient-container-2\" style=\"--awb-background-position:left top;--awb-border-sizes-top:0px;--awb-border-sizes-bottom:0px;--awb-border-sizes-left:0px;--awb-border-sizes-right:0px;--awb-border-radius-top-left:0px;--awb-border-radius-top-right:0px;--awb-border-radius-bottom-right:0px;--awb-border-radius-bottom-left:0px;--awb-padding-top:0px;--awb-padding-bottom:0px;--awb-flex-wrap:wrap;\" ><div class=\"fusion-builder-row fusion-row\"><div class=\"fusion-layout-column fusion_builder_column fusion-builder-column-1 fusion_builder_column_1_1 1_1 fusion-one-full fusion-column-first fusion-column-last\" style=\"--awb-bg-size:cover;\"><div class=\"fusion-column-wrapper fusion-column-has-shadow fusion-flex-column-wrapper-legacy\"><div class=\"fusion-video fusion-vimeo\" style=\"--awb-max-width:1920px;--awb-max-height:1080px;\"><div class=\"video-shortcode\"><lite-vimeo videoid=\"186398162\" class=\"landscape\" params=\"autoplay=1autoplay=0&amp;autopause=0\" title=\"Vimeo video player 1\" data-button-label=\"Play Video\"  width=\"1920\" height=\"1080\"><\/lite-vimeo><\/div><\/div><div class=\"fusion-clearfix\"><\/div><\/div><\/div><\/div><\/div><div id=\"unites-qui-durent-toute-une-vie\" class=\"fusion-container-anchor\"><div class=\"fusion-fullwidth fullwidth-box fusion-builder-row-3 nonhundred-percent-fullwidth non-hundred-percent-height-scrolling fusion-equal-height-columns gradient-container-3\" style=\"--awb-background-position:left top;--awb-border-sizes-top:0px;--awb-border-sizes-bottom:0px;--awb-border-sizes-left:0px;--awb-border-sizes-right:0px;--awb-border-radius-top-left:0px;--awb-border-radius-top-right:0px;--awb-border-radius-bottom-right:0px;--awb-border-radius-bottom-left:0px;--awb-padding-top:20px;--awb-padding-bottom:20px;--awb-flex-wrap:wrap;\" ><div class=\"fusion-builder-row fusion-row\"><div class=\"fusion-layout-column fusion_builder_column fusion-builder-column-2 fusion_builder_column_3_5 3_5 fusion-three-fifth fusion-column-first\" style=\"--awb-bg-color:#ffffff;--awb-bg-color-hover:#ffffff;--awb-bg-image:url(&#039;https:\/\/www.vitali.com\/wp-content\/uploads\/2020\/07\/puntidiforza-lunga_vita_riunito.jpg&#039;);--awb-bg-size:cover;--awb-margin-bottom:0px;\"><div class=\"fusion-column-wrapper fusion-column-has-shadow fusion-flex-column-wrapper-legacy fusion-empty-column-bg-image fusion-column-has-bg-image\" data-bg-url=\"https:\/\/www.vitali.com\/wp-content\/uploads\/2020\/07\/puntidiforza-lunga_vita_riunito.jpg\"><div class=\"fusion-column-content-centered\"><div class=\"fusion-column-content\"><img decoding=\"async\" class=\"fusion-empty-dims-img-placeholder fusion-no-large-visibility\" alt=\"produzione riuniti odontoiatrici\" aria-label=\"puntidiforza-lunga_vita_riunito\" src=\"data:image\/svg+xml,%3Csvg%20xmlns%3D%27http%3A%2F%2Fwww.w3.org%2F2000%2Fsvg%27%20width%3D%27840%27%20height%3D%27470%27%20viewBox%3D%270%200%20840%20470%27%3E%3Crect%20width%3D%27840%27%20height%3D%27470%27%20fill-opacity%3D%220%22%2F%3E%3C%2Fsvg%3E\"><\/div><\/div><div class=\"fusion-clearfix\"><\/div><\/div><\/div><div class=\"fusion-layout-column fusion_builder_column fusion-builder-column-3 fusion_builder_column_2_5 2_5 fusion-two-fifth fusion-column-last\" style=\"--awb-padding-top:15px;--awb-padding-right:25px;--awb-padding-bottom:15px;--awb-padding-left:25px;--awb-bg-color:#ffffff;--awb-bg-color-hover:#ffffff;--awb-bg-size:cover;--awb-border-color:#e2e2e2;--awb-border-top:0;--awb-border-right:0;--awb-border-bottom:0;--awb-border-left:0;--awb-border-style:solid;--awb-margin-bottom:0px;\"><div class=\"fusion-column-wrapper fusion-column-has-shadow fusion-flex-column-wrapper-legacy\"><div class=\"fusion-column-content-centered\"><div class=\"fusion-column-content\"><div class=\"fusion-text fusion-text-2\"><h3 style=\"text-transform: uppercase;\">Des unit\u00e9s qui durent toute une vie<\/h3>\n<p>Nous fabriquons des unit\u00e9s depuis plus de 70 ans et depuis toujours notre mission consiste \u00e0 d\u00e9velopper des <strong>projets qui durent \u00e0 long terme<\/strong>. \u00c0 la base de chacune de nos unit\u00e9s il y a le choix de mat\u00e9riaux nobles, des composants s\u00e9lectionn\u00e9s, des solutions innovantes, et des essais tr\u00e8s soign\u00e9s. Mais il existe surtout une <strong>aptitude \u00e0 cr\u00e9er n\u00e9e de l\u2019exp\u00e9rience<\/strong>. Tout ceci fait une grande diff\u00e9rence. Pour nous il est normal qu\u2019un m\u00e9decin dentiste vienne pour racheter <strong>VITALI<\/strong> apr\u00e8s avoir travaill\u00e9 pendant 25 ans avec une unit\u00e9 <strong>VITALI<\/strong>. Il n\u2019est pas rare qu\u2019on nous demande des pi\u00e8ces de rechange pour des mod\u00e8les qui ne sont plus en fabrication depuis tr\u00e8s longtemps&#8230; L\u00e0 aussi nous arrivons encore \u00e0 satisfaire le client.<\/p>\n<\/div><\/div><\/div><div class=\"fusion-clearfix\"><\/div><\/div><\/div><\/div><\/div><\/div><div id=\"haute-qualite-a-un-cout-durable\" class=\"fusion-container-anchor\"><div class=\"fusion-fullwidth fullwidth-box fusion-builder-row-4 nonhundred-percent-fullwidth non-hundred-percent-height-scrolling fusion-equal-height-columns gradient-container-4\" style=\"--awb-background-position:left top;--awb-border-sizes-top:0px;--awb-border-sizes-bottom:0px;--awb-border-sizes-left:0px;--awb-border-sizes-right:0px;--awb-border-radius-top-left:0px;--awb-border-radius-top-right:0px;--awb-border-radius-bottom-right:0px;--awb-border-radius-bottom-left:0px;--awb-padding-top:20px;--awb-padding-bottom:20px;--awb-flex-wrap:wrap;\" ><div class=\"fusion-builder-row fusion-row\"><div class=\"fusion-layout-column fusion_builder_column fusion-builder-column-4 fusion_builder_column_2_5 2_5 fusion-two-fifth fusion-column-first\" style=\"--awb-padding-top:15px;--awb-padding-right:25px;--awb-padding-bottom:15px;--awb-padding-left:25px;--awb-bg-color:#ffffff;--awb-bg-color-hover:#ffffff;--awb-bg-size:cover;--awb-border-color:#e2e2e2;--awb-border-top:0;--awb-border-right:0;--awb-border-bottom:0;--awb-border-left:0;--awb-border-style:solid;--awb-margin-bottom:0px;\"><div class=\"fusion-column-wrapper fusion-column-has-shadow fusion-flex-column-wrapper-legacy\"><div class=\"fusion-column-content-centered\"><div class=\"fusion-column-content\"><div class=\"fusion-text fusion-text-3\"><h3 style=\"text-transform: uppercase;\">Haute qualit\u00e9 \u00e0 un co\u00fbt durable<\/h3>\n<p>Nous soutenons depuis toujours la philosophie du <strong>juste prix par rapport au cycle de vie<\/strong> du produit. Face \u00e0 une valeur d\u2019achat align\u00e9e avec de nombreux autres produits pr\u00e9sents sur le march\u00e9, la grande qualit\u00e9 de nos unit\u00e9s se traduit en deux avantages fondamentaux: le premier concerne la dur\u00e9e de l\u2019unit\u00e9, le deuxi\u00e8me c\u2019est la <strong>tr\u00e8s rare incidence quant aux r\u00e9parations et arr\u00eats de l\u2019\u00e9quipement<\/strong>. Comme pour un investissement r\u00e9ellement fructueux, le caract\u00e8re durable du prix d\u2019une unit\u00e9 <strong>VITALI<\/strong> augmente au fil des ans du fait que son co\u00fbt de gestion se limite, pratiquement dans la majeure partie des cas, \u00e0 l\u2019entretien ordinaire uniquement.<\/p>\n<\/div><\/div><\/div><div class=\"fusion-clearfix\"><\/div><\/div><\/div><div class=\"fusion-layout-column fusion_builder_column fusion-builder-column-5 fusion_builder_column_3_5 3_5 fusion-three-fifth fusion-column-last\" style=\"--awb-bg-color:#ffffff;--awb-bg-color-hover:#ffffff;--awb-bg-image:url(&#039;https:\/\/www.vitali.com\/wp-content\/uploads\/2020\/08\/puntidiforza-alta_qualita-2020.jpg&#039;);--awb-bg-position:center center;--awb-bg-size:cover;--awb-border-color:#e2e2e2;--awb-border-top:0;--awb-border-right:0;--awb-border-bottom:0;--awb-border-left:0;--awb-border-style:solid;--awb-margin-bottom:0px;\"><div class=\"fusion-column-wrapper fusion-column-has-shadow fusion-flex-column-wrapper-legacy fusion-empty-column-bg-image fusion-column-has-bg-image\" data-bg-url=\"https:\/\/www.vitali.com\/wp-content\/uploads\/2020\/08\/puntidiforza-alta_qualita-2020.jpg\"><div class=\"fusion-column-content-centered\"><div class=\"fusion-column-content\"><img decoding=\"async\" class=\"fusion-empty-dims-img-placeholder fusion-no-large-visibility\" alt=\"produzione iuniti\" aria-label=\"puntidiforza-alta_qualita-2020\" src=\"data:image\/svg+xml,%3Csvg%20xmlns%3D%27http%3A%2F%2Fwww.w3.org%2F2000%2Fsvg%27%20width%3D%27800%27%20height%3D%27448%27%20viewBox%3D%270%200%20800%20448%27%3E%3Crect%20width%3D%27800%27%20height%3D%27448%27%20fill-opacity%3D%220%22%2F%3E%3C%2Fsvg%3E\"><\/div><\/div><div class=\"fusion-clearfix\"><\/div><\/div><\/div><\/div><\/div><\/div><div id=\"toujours-proches-de-nos-clients\" class=\"fusion-container-anchor\"><div class=\"fusion-fullwidth fullwidth-box fusion-builder-row-5 nonhundred-percent-fullwidth non-hundred-percent-height-scrolling fusion-equal-height-columns gradient-container-5\" style=\"--awb-background-position:left top;--awb-border-sizes-top:0px;--awb-border-sizes-bottom:0px;--awb-border-sizes-left:0px;--awb-border-sizes-right:0px;--awb-border-radius-top-left:0px;--awb-border-radius-top-right:0px;--awb-border-radius-bottom-right:0px;--awb-border-radius-bottom-left:0px;--awb-padding-top:20px;--awb-padding-bottom:20px;--awb-flex-wrap:wrap;\" ><div class=\"fusion-builder-row fusion-row\"><div class=\"fusion-layout-column fusion_builder_column fusion-builder-column-6 fusion_builder_column_3_5 3_5 fusion-three-fifth fusion-column-first\" style=\"--awb-bg-color:#ffffff;--awb-bg-color-hover:#ffffff;--awb-bg-image:url(&#039;https:\/\/www.vitali.com\/wp-content\/uploads\/2020\/07\/puntidiforza-sempre_vicini_cliente.jpg&#039;);--awb-bg-position:center top;--awb-bg-size:cover;--awb-border-color:#e2e2e2;--awb-border-top:0;--awb-border-right:0;--awb-border-bottom:0;--awb-border-left:0;--awb-border-style:solid;--awb-margin-bottom:0px;\"><div class=\"fusion-column-wrapper fusion-column-has-shadow fusion-flex-column-wrapper-legacy fusion-empty-column-bg-image fusion-column-has-bg-image\" data-bg-url=\"https:\/\/www.vitali.com\/wp-content\/uploads\/2020\/07\/puntidiforza-sempre_vicini_cliente.jpg\"><div class=\"fusion-column-content-centered\"><div class=\"fusion-column-content\"><img decoding=\"async\" class=\"fusion-empty-dims-img-placeholder fusion-no-large-visibility\" alt=\"Vitali riuniti dettglio poltrona\" aria-label=\"puntidiforza-sempre_vicini_cliente\" src=\"data:image\/svg+xml,%3Csvg%20xmlns%3D%27http%3A%2F%2Fwww.w3.org%2F2000%2Fsvg%27%20width%3D%27840%27%20height%3D%27470%27%20viewBox%3D%270%200%20840%20470%27%3E%3Crect%20width%3D%27840%27%20height%3D%27470%27%20fill-opacity%3D%220%22%2F%3E%3C%2Fsvg%3E\"><\/div><\/div><div class=\"fusion-clearfix\"><\/div><\/div><\/div><div class=\"fusion-layout-column fusion_builder_column fusion-builder-column-7 fusion_builder_column_2_5 2_5 fusion-two-fifth fusion-column-last\" style=\"--awb-padding-top:15px;--awb-padding-right:25px;--awb-padding-bottom:15px;--awb-padding-left:25px;--awb-bg-color:#ffffff;--awb-bg-color-hover:#ffffff;--awb-bg-size:cover;--awb-border-color:#e2e2e2;--awb-border-top:0;--awb-border-right:0;--awb-border-bottom:0;--awb-border-left:0;--awb-border-style:solid;--awb-margin-bottom:0px;\"><div class=\"fusion-column-wrapper fusion-column-has-shadow fusion-flex-column-wrapper-legacy\"><div class=\"fusion-column-content-centered\"><div class=\"fusion-column-content\"><div class=\"fusion-text fusion-text-4\"><h3 style=\"text-transform: uppercase;\">Toujours proches de nos clients<\/h3>\n<p>Vous n\u2019\u00eates jamais un num\u00e9ro quand vous choisissez une unit\u00e9 <strong>VITALI<\/strong>! C\u2019est le grand avantage d\u2019\u00eatre <strong>une entreprise \u00e0 taille humaine<\/strong>. Nous sommes une industrie organis\u00e9e et efficace, mais en ce qui concerne les relations internes et externes le facteur \u00ab personne \u00bb compte plus que tout le reste. Nous sommes <strong>tr\u00e8s proches de nos distributeurs<\/strong> et nous faisons toujours beaucoup de consultation, car l\u2019unit\u00e9, pour nous, c\u2019est comme un habit fait sur mesure. Mesure signifie alors \u00e9coute, comparaison, recherche de solutions personnalis\u00e9es. Tous les clients connaissent bien notre disponibilit\u00e9, en ce sens qu\u2019elle se v\u00e9rifie au d\u00e9but, pendant et apr\u00e8s la vente.<\/p>\n<\/div><\/div><\/div><div class=\"fusion-clearfix\"><\/div><\/div><\/div><\/div><\/div><\/div><div id=\"perfectionnement-continu\" class=\"fusion-container-anchor\"><div class=\"fusion-fullwidth fullwidth-box fusion-builder-row-6 nonhundred-percent-fullwidth non-hundred-percent-height-scrolling fusion-equal-height-columns gradient-container-6\" style=\"--awb-background-position:left top;--awb-border-sizes-top:0px;--awb-border-sizes-bottom:0px;--awb-border-sizes-left:0px;--awb-border-sizes-right:0px;--awb-border-radius-top-left:0px;--awb-border-radius-top-right:0px;--awb-border-radius-bottom-right:0px;--awb-border-radius-bottom-left:0px;--awb-padding-top:20px;--awb-padding-bottom:20px;--awb-flex-wrap:wrap;\" ><div class=\"fusion-builder-row fusion-row\"><div class=\"fusion-layout-column fusion_builder_column fusion-builder-column-8 fusion_builder_column_2_5 2_5 fusion-two-fifth fusion-column-first\" style=\"--awb-padding-top:15px;--awb-padding-right:25px;--awb-padding-bottom:15px;--awb-padding-left:25px;--awb-bg-color:#ffffff;--awb-bg-color-hover:#ffffff;--awb-bg-size:cover;--awb-border-color:#e2e2e2;--awb-border-top:0;--awb-border-right:0;--awb-border-bottom:0;--awb-border-left:0;--awb-border-style:solid;--awb-margin-bottom:0px;\"><div class=\"fusion-column-wrapper fusion-column-has-shadow fusion-flex-column-wrapper-legacy\"><div class=\"fusion-column-content-centered\"><div class=\"fusion-column-content\"><div class=\"fusion-text fusion-text-5\"><h3 style=\"text-transform: uppercase;\">Perfectionnement continu<\/h3>\n<p>Pour ceux qui comme nous con\u00e7oivent l\u2019unit\u00e9 en pensant au dentiste, \u00e0 l\u2019assistante, au patient et au technicien qui est charg\u00e9 de l\u2019entretien, la <strong>recherche de la perfection<\/strong> est une \u00e9volution qui ne finit jamais. Notre guide, notre boussole c\u2019est l\u2019<strong>exp\u00e9rience sur le terrain. <\/strong>C\u2019est-\u00e0-dire dans le cabinet dentaire. C\u2019est de l\u00e0 que viennent nos id\u00e9es, nos solutions, nos innovations. Et tout ce que nous estimons pouvoir perfectionner pour faciliter l\u2019ergonomie, le confort, l\u2019efficacit\u00e9, l\u2019entretien, et la s\u00e9curit\u00e9. Sans oublier bien s\u00fbr l\u2019hygi\u00e8ne et le soin apport\u00e9 \u00e0 chaque d\u00e9tail.<\/p>\n<\/div><\/div><\/div><div class=\"fusion-clearfix\"><\/div><\/div><\/div><div class=\"fusion-layout-column fusion_builder_column fusion-builder-column-9 fusion_builder_column_3_5 3_5 fusion-three-fifth fusion-column-last\" style=\"--awb-bg-color:#ffffff;--awb-bg-color-hover:#ffffff;--awb-bg-image:url(&#039;https:\/\/www.vitali.com\/wp-content\/uploads\/2020\/07\/puntidiforza-cont_miglioramento.jpg&#039;);--awb-bg-position:center center;--awb-bg-size:cover;--awb-border-color:#e2e2e2;--awb-border-top:0;--awb-border-right:0;--awb-border-bottom:0;--awb-border-left:0;--awb-border-style:solid;--awb-margin-bottom:0px;\"><div class=\"fusion-column-wrapper fusion-column-has-shadow fusion-flex-column-wrapper-legacy fusion-empty-column-bg-image fusion-column-has-bg-image\" data-bg-url=\"https:\/\/www.vitali.com\/wp-content\/uploads\/2020\/07\/puntidiforza-cont_miglioramento.jpg\"><div class=\"fusion-column-content-centered\"><div class=\"fusion-column-content\"><img decoding=\"async\" class=\"fusion-empty-dims-img-placeholder fusion-no-large-visibility\" alt=\"produzione riuniti odontoiatrici\" aria-label=\"puntidiforza-cont_miglioramento\" src=\"data:image\/svg+xml,%3Csvg%20xmlns%3D%27http%3A%2F%2Fwww.w3.org%2F2000%2Fsvg%27%20width%3D%27840%27%20height%3D%27470%27%20viewBox%3D%270%200%20840%20470%27%3E%3Crect%20width%3D%27840%27%20height%3D%27470%27%20fill-opacity%3D%220%22%2F%3E%3C%2Fsvg%3E\"><\/div><\/div><div class=\"fusion-clearfix\"><\/div><\/div><\/div><\/div><\/div><\/div><\/p>\n","protected":false},"excerpt":{"rendered":"","protected":false},"author":8,"featured_media":11397,"parent":11833,"menu_order":0,"comment_status":"closed","ping_status":"closed","template":"100-width.php","meta":{"footnotes":""},"class_list":["post-11387","page","type-page","status-publish","has-post-thumbnail","hentry"],"_links":{"self":[{"href":"https:\/\/www.vitali.com\/fr\/wp-json\/wp\/v2\/pages\/11387","targetHints":{"allow":["GET"]}}],"collection":[{"href":"https:\/\/www.vitali.com\/fr\/wp-json\/wp\/v2\/pages"}],"about":[{"href":"https:\/\/www.vitali.com\/fr\/wp-json\/wp\/v2\/types\/page"}],"author":[{"embeddable":true,"href":"https:\/\/www.vitali.com\/fr\/wp-json\/wp\/v2\/users\/8"}],"replies":[{"embeddable":true,"href":"https:\/\/www.vitali.com\/fr\/wp-json\/wp\/v2\/comments?post=11387"}],"version-history":[{"count":0,"href":"https:\/\/www.vitali.com\/fr\/wp-json\/wp\/v2\/pages\/11387\/revisions"}],"up":[{"embeddable":true,"href":"https:\/\/www.vitali.com\/fr\/wp-json\/wp\/v2\/pages\/11833"}],"wp:featuredmedia":[{"embeddable":true,"href":"https:\/\/www.vitali.com\/fr\/wp-json\/wp\/v2\/media\/11397"}],"wp:attachment":[{"href":"https:\/\/www.vitali.com\/fr\/wp-json\/wp\/v2\/media?parent=11387"}],"curies":[{"name":"wp","href":"https:\/\/api.w.org\/{rel}","templated":true}]}}