{"id":4116,"date":"2015-10-21T12:01:27","date_gmt":"2015-10-21T10:01:27","guid":{"rendered":"https:\/\/www.vitali.com\/es\/empresa\/politica-per-la-qualita\/"},"modified":"2020-12-11T10:05:29","modified_gmt":"2020-12-11T09:05:29","slug":"politica-de-calidad","status":"publish","type":"page","link":"https:\/\/www.vitali.com\/es\/politica-de-calidad\/","title":{"rendered":"Pol\u00edtica de calidad"},"content":{"rendered":"<div class=\"fusion-fullwidth fullwidth-box fusion-builder-row-1 nonhundred-percent-fullwidth non-hundred-percent-height-scrolling fusion-equal-height-columns gradient-container-1\" style=\"--awb-background-position:left top;--awb-border-sizes-top:0px;--awb-border-sizes-bottom:0px;--awb-border-sizes-left:0px;--awb-border-sizes-right:0px;--awb-border-radius-top-left:0px;--awb-border-radius-top-right:0px;--awb-border-radius-bottom-right:0px;--awb-border-radius-bottom-left:0px;--awb-padding-top:0px;--awb-padding-bottom:10px;--awb-flex-wrap:wrap;\" ><div class=\"fusion-builder-row fusion-row\"><div class=\"fusion-layout-column fusion_builder_column fusion-builder-column-0 fusion_builder_column_1_1 1_1 fusion-one-full fusion-column-first fusion-column-last fusion-column-no-min-height\" style=\"--awb-bg-size:cover;--awb-margin-bottom:0px;\"><div class=\"fusion-column-wrapper fusion-flex-column-wrapper-legacy\"><div class=\"fusion-text fusion-text-1\"><h1>POL\u00cdTICA DE CALIDAD<\/h1>\n<\/div><div class=\"fusion-clearfix\"><\/div><\/div><\/div><div class=\"fusion-layout-column fusion_builder_column fusion-builder-column-1 fusion_builder_column_1_1 1_1 fusion-one-full fusion-column-first fusion-column-last\" style=\"--awb-padding-top:25px;--awb-padding-right:25px;--awb-padding-bottom:25px;--awb-padding-left:25px;--awb-bg-color:#ffffff;--awb-bg-color-hover:#ffffff;--awb-bg-size:cover;--awb-border-color:#e2e2e2;--awb-border-top:0px;--awb-border-right:0px;--awb-border-bottom:0px;--awb-border-left:0px;--awb-border-style:solid;--awb-margin-bottom:0px;\"><div class=\"fusion-column-wrapper fusion-flex-column-wrapper-legacy\"><div class=\"fusion-column-content-centered\"><div class=\"fusion-column-content\"><div class=\"fusion-text fusion-text-2\"><p><strong>VITALI<\/strong> dise\u00f1a, fabrica y comercializa equipos odontol\u00f3gicos en conformidad con la directiva europea 47\/2007\/CE.<\/p>\n<\/div><div class=\"fusion-image-element fusion-image-align-right in-legacy-container\" style=\"text-align:right;--awb-max-width:400px;--awb-caption-title-font-family:var(--h2_typography-font-family);--awb-caption-title-font-weight:var(--h2_typography-font-weight);--awb-caption-title-font-style:var(--h2_typography-font-style);--awb-caption-title-size:var(--h2_typography-font-size);--awb-caption-title-transform:var(--h2_typography-text-transform);--awb-caption-title-line-height:var(--h2_typography-line-height);--awb-caption-title-letter-spacing:var(--h2_typography-letter-spacing);\"><span class=\" fusion-imageframe imageframe-none imageframe-1 hover-type-none\" style=\"margin-left:25px;float:right;\"><img decoding=\"async\" width=\"520\" height=\"500\" title=\"bollo-2020\" src=\"https:\/\/www.vitali.com\/wp-content\/uploads\/2020\/11\/bollo-2020.png\" alt class=\"img-responsive wp-image-12919\" srcset=\"https:\/\/www.vitali.com\/wp-content\/uploads\/2020\/11\/bollo-2020-200x192.png 200w, https:\/\/www.vitali.com\/wp-content\/uploads\/2020\/11\/bollo-2020-400x385.png 400w, https:\/\/www.vitali.com\/wp-content\/uploads\/2020\/11\/bollo-2020.png 520w\" sizes=\"(max-width: 800px) 100vw, 520px\" \/><\/span><\/div><div class=\"fusion-text fusion-text-3\"><p>La empresa se compromete a:<\/p>\n<ul style=\"margin-bottom: 0;\">\n<li>introducir en el mercado productos conformes a las normas t\u00e9cnicas y legislativas aplicables;<\/li>\n<li>gestionar los riesgos asociados al uso de los productos y verificar la eficacia del correspondiente proceso;<\/li>\n<li>respetar las leyes, los reglamentos y las normativas vinculantes a nivel europeo, nacional, regional y local;<\/li>\n<li>respetar las normas adoptadas de manera voluntaria y los documento prescriptivos definidos por la empresa (manuales, procedimientos, documentos de origen externo, etc.);<\/li>\n<li>gestionar la seguridad y la protecci\u00f3n de la salud de los trabajadores como parte integrante de la gesti\u00f3n general de la empresa, involucrando a todo el personal incluso mediante la formaci\u00f3n, el aprendizaje y la capacitaci\u00f3n, es decir, un compromiso con la mejora racional y constante de las condiciones de salud y seguridad, con vistas a la prevenci\u00f3n y la reducci\u00f3n de los accidentes y de las enfermedades profesionales;<\/li>\n<li>mejorar su estructura organizativa hacia unos procesos administrativos m\u00ednimos y un elevado dinamismo, desarrollo y sensibilizaci\u00f3n de los recursos humanos disponibles;<\/li>\n<li>gestionar los recursos humanos en relaci\u00f3n con los criterios de transparencia, \u00e9tica y responsabilidad social;<\/li>\n<li>satisfacer los requisitos del Sistema de Calidad y mantener la eficiencia a largo plazo, con el objetivo de obtener y mantener un \u00e9xito duradero y la satisfacci\u00f3n de todas las partes interesadas;<\/li>\n<li>revisar y mejorar continuamente tanto los procesos individuales como los sistemas de gesti\u00f3n de la Calidad y la Seguridad, introduciendo elementos aptos para ofrecer suficientes garant\u00edas de control, incluso en condiciones variables determinadas por causas externas;<\/li>\n<li>colaborar con proveedores, Entes y Administraciones, Autoridades de control y servicios sociales para la gesti\u00f3n de los problemas vinculados a la salud y la seguridad de todas las partes interesadas, que est\u00e1n presentes o podr\u00edan estar presentes en los lugares de trabajo dentro de la empresa;<\/li>\n<\/ul>\n<\/div><div class=\"fusion-image-element fusion-image-align-right in-legacy-container\" style=\"text-align:right;--awb-caption-title-font-family:var(--h2_typography-font-family);--awb-caption-title-font-weight:var(--h2_typography-font-weight);--awb-caption-title-font-style:var(--h2_typography-font-style);--awb-caption-title-size:var(--h2_typography-font-size);--awb-caption-title-transform:var(--h2_typography-text-transform);--awb-caption-title-line-height:var(--h2_typography-line-height);--awb-caption-title-letter-spacing:var(--h2_typography-letter-spacing);\"><span class=\" fusion-imageframe imageframe-none imageframe-2 hover-type-none\" style=\"margin-left:25px;float:right;\"><img decoding=\"async\" width=\"359\" height=\"272\" title=\"cert-vitali_2019\" src=\"https:\/\/www.vitali.com\/wp-content\/uploads\/2019\/02\/cert-vitali_2019.png\" alt class=\"img-responsive wp-image-9348\" srcset=\"https:\/\/www.vitali.com\/wp-content\/uploads\/2019\/02\/cert-vitali_2019-200x152.png 200w, https:\/\/www.vitali.com\/wp-content\/uploads\/2019\/02\/cert-vitali_2019.png 359w\" sizes=\"(max-width: 800px) 100vw, 359px\" \/><\/span><\/div><div class=\"fusion-text fusion-text-4\"><ul style=\"margin-top: 0;\">\n<li>aplicar nuestra competencia a la protecci\u00f3n del medio ambiente, promoviendo tal principio tambi\u00e9n entre las partes interesadas;<\/li>\n<li>mejorar continuamente nuestra imagen de cara al cliente, los usuarios y los colaboradores internos;<\/li>\n<li>promover la innovaci\u00f3n empresarial identificando constantemente las exigencias futuras de tecnolog\u00eda y recursos;<\/li>\n<li>difundir la pol\u00edtica, la estrategia y los principios de los sistemas de gesti\u00f3n adoptados, con el objetivo de involucrar a las partes interesadas en alcanzar los objetivos fijados previamente;<\/li>\n<li>actualizar, seg\u00fan sea necesario, nuestra pol\u00edtica y las correspondientes estrategias.<\/li>\n<\/ul>\n<p><strong>Marco Vitali<\/strong> Administrador \u00fanico<\/p>\n<\/div><\/div><\/div><div class=\"fusion-clearfix\"><\/div><\/div><\/div><\/div><\/div>\n","protected":false},"excerpt":{"rendered":"","protected":false},"author":1,"featured_media":0,"parent":0,"menu_order":0,"comment_status":"closed","ping_status":"closed","template":"100-width.php","meta":{"footnotes":""},"class_list":["post-4116","page","type-page","status-publish","hentry"],"_links":{"self":[{"href":"https:\/\/www.vitali.com\/es\/wp-json\/wp\/v2\/pages\/4116","targetHints":{"allow":["GET"]}}],"collection":[{"href":"https:\/\/www.vitali.com\/es\/wp-json\/wp\/v2\/pages"}],"about":[{"href":"https:\/\/www.vitali.com\/es\/wp-json\/wp\/v2\/types\/page"}],"author":[{"embeddable":true,"href":"https:\/\/www.vitali.com\/es\/wp-json\/wp\/v2\/users\/1"}],"replies":[{"embeddable":true,"href":"https:\/\/www.vitali.com\/es\/wp-json\/wp\/v2\/comments?post=4116"}],"version-history":[{"count":0,"href":"https:\/\/www.vitali.com\/es\/wp-json\/wp\/v2\/pages\/4116\/revisions"}],"wp:attachment":[{"href":"https:\/\/www.vitali.com\/es\/wp-json\/wp\/v2\/media?parent=4116"}],"curies":[{"name":"wp","href":"https:\/\/api.w.org\/{rel}","templated":true}]}}