{"id":11959,"date":"2020-12-10T16:38:20","date_gmt":"2020-12-10T15:38:20","guid":{"rendered":"https:\/\/www.vitali.com\/?page_id=11959"},"modified":"2021-04-19T10:43:33","modified_gmt":"2021-04-19T08:43:33","slug":"marco-vitali","status":"publish","type":"page","link":"https:\/\/www.vitali.com\/es\/marco-vitali\/","title":{"rendered":"Marco Vitali, una vida dedicada a la unidad dental"},"content":{"rendered":"<p><div class=\"fusion-fullwidth fullwidth-box fusion-builder-row-1 nonhundred-percent-fullwidth non-hundred-percent-height-scrolling fusion-equal-height-columns gradient-container-1\" style=\"--awb-background-position:left top;--awb-border-sizes-top:0px;--awb-border-sizes-bottom:0px;--awb-border-sizes-left:0px;--awb-border-sizes-right:0px;--awb-border-radius-top-left:0px;--awb-border-radius-top-right:0px;--awb-border-radius-bottom-right:0px;--awb-border-radius-bottom-left:0px;--awb-padding-top:0px;--awb-padding-bottom:0px;--awb-flex-wrap:wrap;\" ><div class=\"fusion-builder-row fusion-row\"><div class=\"fusion-layout-column fusion_builder_column fusion-builder-column-0 fusion_builder_column_1_1 1_1 fusion-one-full fusion-column-first fusion-column-last fusion-column-no-min-height\" style=\"--awb-bg-size:cover;--awb-margin-bottom:0px;\"><div class=\"fusion-column-wrapper fusion-flex-column-wrapper-legacy\"><div class=\"fusion-text fusion-text-1\"><h1 style=\"text-transform: uppercase;\">Marco Vitali, una vida dedicada a la unidad dental<\/h1>\n<h4>Marco hered\u00f3 la empresa de su padre, Lino, en 1982, cuando ten\u00eda solo 23 a\u00f1os. Sus valores son los valores de VITALI: fiabilidad, competencia, precisi\u00f3n, cordialidad.<\/h4>\n<\/div><div class=\"fusion-clearfix\"><\/div><\/div><\/div><\/div><\/div><div class=\"fusion-fullwidth fullwidth-box fusion-builder-row-2 nonhundred-percent-fullwidth non-hundred-percent-height-scrolling fusion-equal-height-columns gradient-container-2\" style=\"--awb-border-radius-top-left:0px;--awb-border-radius-top-right:0px;--awb-border-radius-bottom-right:0px;--awb-border-radius-bottom-left:0px;--awb-padding-top:20px;--awb-padding-bottom:20px;--awb-flex-wrap:wrap;\" ><div class=\"fusion-builder-row fusion-row\"><div class=\"fusion-layout-column fusion_builder_column fusion-builder-column-1 fusion_builder_column_2_5 2_5 fusion-two-fifth fusion-column-first\" style=\"--awb-padding-top:25px;--awb-padding-right:25px;--awb-padding-bottom:25px;--awb-padding-left:25px;--awb-bg-color:#ffffff;--awb-bg-color-hover:#ffffff;--awb-bg-size:cover;--awb-margin-bottom:0px;width:40%;width:calc(40% - ( ( 0 ) * 0.4 ) );margin-right: 0px;\"><div class=\"fusion-column-wrapper fusion-column-has-shadow fusion-flex-column-wrapper-legacy\"><div class=\"fusion-text fusion-text-2\"><h3 style=\"text-transform: uppercase;\">A la cabeza de la empresa desde muy pronto<\/h3>\n<p>\u00bfSe puede dedicar una vida entera a las unidades dentales? Para Marco Vitali est\u00e1 claro que s\u00ed, de hecho ese ha sido en su caso. Todo empez\u00f3 en 1982, cuando falleci\u00f3 Lino, el padre y fundador de la empresa. Un hombre como Lino, <strong>una persona de una gran calidad humana y profesional<\/strong>, deja un vaci\u00f3 inmenso. Para todos en la empresa fue un periodo muy dif\u00edcil de superar. Sin embargo, Marco consigui\u00f3 lo que parec\u00eda imposible. \u00c9l solo al volante del legado de su padre y trabajando duro con clientes y empleados se puso a la cabeza de la empresa y la guio hacia un <strong>nuevo desarrollo<\/strong>. Ten\u00eda apenas 23 a\u00f1os.<\/p>\n<\/div><div class=\"fusion-clearfix\"><\/div><\/div><\/div><div class=\"fusion-layout-column fusion_builder_column fusion-builder-column-2 fusion_builder_column_3_5 3_5 fusion-three-fifth fusion-column-last\" style=\"--awb-bg-image:url(&#039;https:\/\/www.vitali.com\/wp-content\/uploads\/2020\/10\/marcovitali-7.jpg&#039;);--awb-bg-position:center top;--awb-bg-size:cover;--awb-margin-bottom:0px;width:60%;width:calc(60% - ( ( 0 ) * 0.6 ) );\"><div class=\"fusion-column-wrapper fusion-column-has-shadow fusion-flex-column-wrapper-legacy fusion-empty-column-bg-image fusion-column-has-bg-image\" data-bg-url=\"https:\/\/www.vitali.com\/wp-content\/uploads\/2020\/10\/marcovitali-7.jpg\"><img decoding=\"async\" class=\"fusion-empty-dims-img-placeholder\" alt=\"Marco Vitali \" aria-label=\"marcovitali-7\" src=\"data:image\/svg+xml,%3Csvg%20xmlns%3D%27http%3A%2F%2Fwww.w3.org%2F2000%2Fsvg%27%20width%3D%27795%27%20height%3D%27555%27%20viewBox%3D%270%200%20795%20555%27%3E%3Crect%20width%3D%27795%27%20height%3D%27555%27%20fill-opacity%3D%220%22%2F%3E%3C%2Fsvg%3E\"><div class=\"fusion-clearfix\"><\/div><\/div><\/div><\/div><\/div><div class=\"fusion-fullwidth fullwidth-box fusion-builder-row-3 nonhundred-percent-fullwidth non-hundred-percent-height-scrolling fusion-equal-height-columns gradient-container-3\" style=\"--awb-border-radius-top-left:0px;--awb-border-radius-top-right:0px;--awb-border-radius-bottom-right:0px;--awb-border-radius-bottom-left:0px;--awb-padding-top:20px;--awb-padding-bottom:20px;--awb-flex-wrap:wrap;\" ><div class=\"fusion-builder-row fusion-row\"><div class=\"fusion-layout-column fusion_builder_column fusion-builder-column-3 fusion_builder_column_3_5 3_5 fusion-three-fifth fusion-column-first\" style=\"--awb-bg-image:url(&#039;https:\/\/www.vitali.com\/wp-content\/uploads\/2021\/04\/marco_vitali_ok.jpg&#039;);--awb-bg-size:cover;--awb-margin-bottom:0px;width:60%;width:calc(60% - ( ( 0 ) * 0.6 ) );margin-right: 0px;\"><div class=\"fusion-column-wrapper fusion-column-has-shadow fusion-flex-column-wrapper-legacy fusion-empty-column-bg-image fusion-column-has-bg-image\" data-bg-url=\"https:\/\/www.vitali.com\/wp-content\/uploads\/2021\/04\/marco_vitali_ok.jpg\"><img decoding=\"async\" class=\"fusion-empty-dims-img-placeholder\" alt=\"Marco Vitali\" aria-label=\"marco_vitali_ok\" src=\"data:image\/svg+xml,%3Csvg%20xmlns%3D%27http%3A%2F%2Fwww.w3.org%2F2000%2Fsvg%27%20width%3D%271170%27%20height%3D%27497%27%20viewBox%3D%270%200%201170%20497%27%3E%3Crect%20width%3D%271170%27%20height%3D%27497%27%20fill-opacity%3D%220%22%2F%3E%3C%2Fsvg%3E\"><div class=\"fusion-clearfix\"><\/div><\/div><\/div><div class=\"fusion-layout-column fusion_builder_column fusion-builder-column-4 fusion_builder_column_2_5 2_5 fusion-two-fifth fusion-column-last\" style=\"--awb-padding-top:25px;--awb-padding-right:25px;--awb-padding-bottom:25px;--awb-padding-left:25px;--awb-bg-color:#ffffff;--awb-bg-color-hover:#ffffff;--awb-bg-size:cover;--awb-margin-bottom:0px;width:40%;width:calc(40% - ( ( 0 ) * 0.4 ) );\"><div class=\"fusion-column-wrapper fusion-column-has-shadow fusion-flex-column-wrapper-legacy\"><div class=\"fusion-text fusion-text-3\"><h3 style=\"text-transform: uppercase;\">La naturaleza del innovador<\/h3>\n<p>Marco hab\u00eda crecido viendo a su padre trabajar. De \u00e9l, hered\u00f3 una extraordinaria confianza con la precisi\u00f3n, los mecanismos y los funcionamientos, a la que a\u00f1adi\u00f3 su gusto por la organizaci\u00f3n y la planificaci\u00f3n. Pero no se detuvo ah\u00ed. Marco es un gran observador y sabe escuchar. Cada vez que habla con un dentista, un t\u00e9cnico o un distribuidor, y lo hace a menudo, siempre se lleva a casa una idea de qu\u00e9 puede <strong>mejorar, perfeccionar o en qu\u00e9 puede innovar<\/strong>.<\/p>\n<\/div><div class=\"fusion-clearfix\"><\/div><\/div><\/div><\/div><\/div><div class=\"fusion-fullwidth fullwidth-box fusion-builder-row-4 nonhundred-percent-fullwidth non-hundred-percent-height-scrolling fusion-equal-height-columns gradient-container-4\" style=\"--awb-border-radius-top-left:0px;--awb-border-radius-top-right:0px;--awb-border-radius-bottom-right:0px;--awb-border-radius-bottom-left:0px;--awb-padding-top:20px;--awb-padding-bottom:20px;--awb-flex-wrap:wrap;\" ><div class=\"fusion-builder-row fusion-row\"><div class=\"fusion-layout-column fusion_builder_column fusion-builder-column-5 fusion_builder_column_2_5 2_5 fusion-two-fifth fusion-column-first\" style=\"--awb-padding-top:25px;--awb-padding-right:25px;--awb-padding-bottom:25px;--awb-padding-left:25px;--awb-bg-color:#ffffff;--awb-bg-color-hover:#ffffff;--awb-bg-size:cover;--awb-margin-bottom:0px;width:40%;width:calc(40% - ( ( 0 ) * 0.4 ) );margin-right: 0px;\"><div class=\"fusion-column-wrapper fusion-column-has-shadow fusion-flex-column-wrapper-legacy\"><div class=\"fusion-text fusion-text-4\"><h3 style=\"text-transform: uppercase;\">La unidad dental ideal seg\u00fan Marco<\/h3>\n<p>La Investigaci\u00f3n y el Desarrollo son su prioridad. Marco siempre ha tenido una <strong>visi\u00f3n particular de la unidad dental<\/strong>, que es la que mueve a la empresa. Para \u00e9l, la unidad dental ideal es la que no te da preocupaciones. La que por su ergonom\u00eda, volumen y gesti\u00f3n permite que dentista y asistente puedan trabajar con el <strong>m\u00e1ximo de concentraci\u00f3n<\/strong>, con tranquilidad y sin impedimentos, con la confianza de trabajar con un equipo fiable, aliado y fiel. Y la que, a la hora de tener que hacer operaciones de mantenimiento o reparaci\u00f3n, el personal t\u00e9cnico, el interlocutor fundamental para Marco Vitali, pueda trabajar de forma lineal, precisa y resolutiva.<\/p>\n<\/div><div class=\"fusion-clearfix\"><\/div><\/div><\/div><div class=\"fusion-layout-column fusion_builder_column fusion-builder-column-6 fusion_builder_column_3_5 3_5 fusion-three-fifth fusion-column-last\" style=\"--awb-bg-image:url(&#039;https:\/\/www.vitali.com\/wp-content\/uploads\/2020\/09\/marcovitali-6.jpg&#039;);--awb-bg-position:center center;--awb-bg-size:cover;--awb-margin-bottom:0px;width:60%;width:calc(60% - ( ( 0 ) * 0.6 ) );\"><div class=\"fusion-column-wrapper fusion-column-has-shadow fusion-flex-column-wrapper-legacy fusion-empty-column-bg-image fusion-column-has-bg-image\" data-bg-url=\"https:\/\/www.vitali.com\/wp-content\/uploads\/2020\/09\/marcovitali-6.jpg\"><img decoding=\"async\" class=\"fusion-empty-dims-img-placeholder\" alt=\"Marco Vitali\" aria-label=\"marcovitali-6\" src=\"data:image\/svg+xml,%3Csvg%20xmlns%3D%27http%3A%2F%2Fwww.w3.org%2F2000%2Fsvg%27%20width%3D%27682%27%20height%3D%27636%27%20viewBox%3D%270%200%20682%20636%27%3E%3Crect%20width%3D%27682%27%20height%3D%27636%27%20fill-opacity%3D%220%22%2F%3E%3C%2Fsvg%3E\"><div class=\"fusion-clearfix\"><\/div><\/div><\/div><\/div><\/div><\/p>\n","protected":false},"excerpt":{"rendered":"","protected":false},"author":8,"featured_media":16709,"parent":0,"menu_order":0,"comment_status":"closed","ping_status":"closed","template":"100-width.php","meta":{"footnotes":""},"class_list":["post-11959","page","type-page","status-publish","has-post-thumbnail","hentry"],"_links":{"self":[{"href":"https:\/\/www.vitali.com\/es\/wp-json\/wp\/v2\/pages\/11959","targetHints":{"allow":["GET"]}}],"collection":[{"href":"https:\/\/www.vitali.com\/es\/wp-json\/wp\/v2\/pages"}],"about":[{"href":"https:\/\/www.vitali.com\/es\/wp-json\/wp\/v2\/types\/page"}],"author":[{"embeddable":true,"href":"https:\/\/www.vitali.com\/es\/wp-json\/wp\/v2\/users\/8"}],"replies":[{"embeddable":true,"href":"https:\/\/www.vitali.com\/es\/wp-json\/wp\/v2\/comments?post=11959"}],"version-history":[{"count":0,"href":"https:\/\/www.vitali.com\/es\/wp-json\/wp\/v2\/pages\/11959\/revisions"}],"wp:featuredmedia":[{"embeddable":true,"href":"https:\/\/www.vitali.com\/es\/wp-json\/wp\/v2\/media\/16709"}],"wp:attachment":[{"href":"https:\/\/www.vitali.com\/es\/wp-json\/wp\/v2\/media?parent=11959"}],"curies":[{"name":"wp","href":"https:\/\/api.w.org\/{rel}","templated":true}]}}