{"id":9199,"date":"2015-10-21T12:01:27","date_gmt":"2015-10-21T10:01:27","guid":{"rendered":"https:\/\/www.vitali.com\/unternehmen\/politica-per-la-qualita\/"},"modified":"2021-05-06T16:26:10","modified_gmt":"2021-05-06T14:26:10","slug":"qualitaetspolitik","status":"publish","type":"page","link":"https:\/\/www.vitali.com\/de\/qualitaetspolitik\/","title":{"rendered":"Qualit\u00e4tspolitik"},"content":{"rendered":"<div class=\"fusion-fullwidth fullwidth-box fusion-builder-row-1 nonhundred-percent-fullwidth non-hundred-percent-height-scrolling fusion-equal-height-columns gradient-container-1\" style=\"--awb-background-position:left top;--awb-border-sizes-top:0px;--awb-border-sizes-bottom:0px;--awb-border-sizes-left:0px;--awb-border-sizes-right:0px;--awb-border-radius-top-left:0px;--awb-border-radius-top-right:0px;--awb-border-radius-bottom-right:0px;--awb-border-radius-bottom-left:0px;--awb-padding-top:0px;--awb-padding-bottom:10px;--awb-flex-wrap:wrap;\" ><div class=\"fusion-builder-row fusion-row\"><div class=\"fusion-layout-column fusion_builder_column fusion-builder-column-0 fusion_builder_column_1_1 1_1 fusion-one-full fusion-column-first fusion-column-last fusion-column-no-min-height\" style=\"--awb-bg-size:cover;--awb-margin-bottom:0px;\"><div class=\"fusion-column-wrapper fusion-flex-column-wrapper-legacy\"><div class=\"fusion-text fusion-text-1\"><h1>QUALIT\u00c4TSPOLITIK<\/h1>\n<\/div><div class=\"fusion-clearfix\"><\/div><\/div><\/div><div class=\"fusion-layout-column fusion_builder_column fusion-builder-column-1 fusion_builder_column_1_1 1_1 fusion-one-full fusion-column-first fusion-column-last\" style=\"--awb-padding-top:25px;--awb-padding-right:25px;--awb-padding-bottom:25px;--awb-padding-left:25px;--awb-bg-color:#ffffff;--awb-bg-color-hover:#ffffff;--awb-bg-size:cover;--awb-border-color:#e2e2e2;--awb-border-top:0px;--awb-border-right:0px;--awb-border-bottom:0px;--awb-border-left:0px;--awb-border-style:solid;--awb-margin-bottom:0px;\"><div class=\"fusion-column-wrapper fusion-flex-column-wrapper-legacy\"><div class=\"fusion-column-content-centered\"><div class=\"fusion-column-content\"><div class=\"fusion-text fusion-text-2\"><p><strong>VITALI<\/strong> entwirft, produziert und vermarktet zahn\u00e4rztliche Vorrichtungen, die durch die europ\u00e4ische Richtlinie 47\/2007\/CE geregelt sind.<\/p>\n<\/div><div class=\"fusion-image-element fusion-image-align-right in-legacy-container\" style=\"text-align:right;--awb-max-width:400px;--awb-caption-title-font-family:var(--h2_typography-font-family);--awb-caption-title-font-weight:var(--h2_typography-font-weight);--awb-caption-title-font-style:var(--h2_typography-font-style);--awb-caption-title-size:var(--h2_typography-font-size);--awb-caption-title-transform:var(--h2_typography-text-transform);--awb-caption-title-line-height:var(--h2_typography-line-height);--awb-caption-title-letter-spacing:var(--h2_typography-letter-spacing);\"><span class=\" fusion-imageframe imageframe-none imageframe-1 hover-type-none\" style=\"margin-left:25px;float:right;\"><img decoding=\"async\" width=\"520\" height=\"500\" title=\"bollo-2020\" src=\"https:\/\/www.vitali.com\/wp-content\/uploads\/2020\/11\/bollo-2020.png\" alt class=\"img-responsive wp-image-12918\" srcset=\"https:\/\/www.vitali.com\/wp-content\/uploads\/2020\/11\/bollo-2020-200x192.png 200w, https:\/\/www.vitali.com\/wp-content\/uploads\/2020\/11\/bollo-2020-400x385.png 400w, https:\/\/www.vitali.com\/wp-content\/uploads\/2020\/11\/bollo-2020.png 520w\" sizes=\"(max-width: 800px) 100vw, 520px\" \/><\/span><\/div><div class=\"fusion-text fusion-text-3\"><p>Das Unternehmen bem\u00fcht sich:<\/p>\n<ul style=\"margin-bottom: 0;\">\n<li>auf den Markt Produkte zu bringen, die den technischen und gesetzlichen Normen entsprechen;<\/li>\n<li>die Risiken, die mit einer Nutzung der Produkte einhergehen zu verwalten und deren Effizienz zu verifizieren;<\/li>\n<li>Gesetze, Vorschriften und Normen zu respektieren, die auf europ\u00e4ischer, nationaler, regionaler und lokaler Ebene zwingend gelten;<\/li>\n<li>die Richtlinien und die normativen Dokumente zu respektieren, die freiwillig vom Unternehmen auferlegt worden sind (Handb\u00fccher, Prozeduren, ausw\u00e4rtige Dokumente, usw.);<\/li>\n<li>die Sicherheit und Wahrung der Gesundheit f\u00fcr die Arbeiter, als wichtiger Bestandteil der allgemeinen Organisation zu verwalten, indem man das ganze Personal durch Ausbildungslehrg\u00e4nge schult. Diese Bem\u00fchungen f\u00fchren zu einer vern\u00fcnftigen und konstanten Verbesserung der Bedingungen f\u00fcr Gesundheit und Sicherheit, auch pr\u00e4ventiv zur Verminderung von Unf\u00e4llen auf der Arbeit und von Berufskrankheiten;<\/li>\n<li>den eigenen Organisationsaufbau zu verbessern, indem man es unb\u00fcrokratischer und dynamischer gestaltet und indem man das verf\u00fcgbare Personal aufwertet und sensibilisiert;<\/li>\n<li>das Personal nach den Kriterien von Transparenz, Ethik und soziale Verantwortung zu f\u00fchren;<\/li>\n<li>den Anforderungen des Qualit\u00e4tswesens gerecht zu werden und deren Effizienz nachhaltig f\u00fcr einen langlebigen Erfolg und Zufriedenheit aller Beteiligten zu bewahren;<\/li>\n<li>einzelne Prozesse, sowie auch die Verwaltung von Qualit\u00e4t und Sicherheit stets nachzupr\u00fcfen und zu verbessern, indem man Elemente einf\u00fchrt, die Garantien und ausreichende Kontrolle bieten, auch \u00fcber extern bestimmte \u00c4nderungen;<\/li>\n<li>mit Lieferanten, Beh\u00f6rden und Verwaltungen, Kontrollbeh\u00f6rden und Sozialwesen zusammenzuarbeiten, um die Gesundheits-und Sicherheitsproblematik f\u00fcr die Arbeiter im Unternehmen zu handhaben;<\/li>\n<\/ul>\n<\/div><div class=\"fusion-image-element fusion-image-align-right in-legacy-container\" style=\"text-align:right;--awb-caption-title-font-family:var(--h2_typography-font-family);--awb-caption-title-font-weight:var(--h2_typography-font-weight);--awb-caption-title-font-style:var(--h2_typography-font-style);--awb-caption-title-size:var(--h2_typography-font-size);--awb-caption-title-transform:var(--h2_typography-text-transform);--awb-caption-title-line-height:var(--h2_typography-line-height);--awb-caption-title-letter-spacing:var(--h2_typography-letter-spacing);\"><span class=\" fusion-imageframe imageframe-none imageframe-2 hover-type-none\" style=\"margin-left:25px;float:right;\"><img decoding=\"async\" width=\"359\" height=\"272\" title=\"cert-vitali_2019\" src=\"https:\/\/www.vitali.com\/wp-content\/uploads\/2019\/02\/cert-vitali_2019.png\" alt class=\"img-responsive wp-image-9347\" srcset=\"https:\/\/www.vitali.com\/wp-content\/uploads\/2019\/02\/cert-vitali_2019-200x152.png 200w, https:\/\/www.vitali.com\/wp-content\/uploads\/2019\/02\/cert-vitali_2019.png 359w\" sizes=\"(max-width: 800px) 100vw, 359px\" \/><\/span><\/div><div class=\"fusion-text fusion-text-4\"><ul style=\"margin-top: 0;\">\n<li>die Umwelt nach bestem Wissen und Gewissen zu sch\u00fctzen, indem man sich daf\u00fcr aktiv bei den Beteiligten einsetzt;<\/li>\n<li>das eigene Image f\u00fcr Kunden, Nutzer und internen Mitarbeiter immer weiter zu verbessern;<\/li>\n<li>die Innovation des Unternehmens zu f\u00f6rdern, indem man stets die zuk\u00fcnftigen Bed\u00fcrfnisse f\u00fcr Technologie und Ressourcen identifiziert;<\/li>\n<li>die Politik, die Strategie und die Prinzipien zu den ergriffenen Organisationsmethoden zu verbreiten, um die Beteiligten in die festgesetzte Zielerreichung zu involvieren;<\/li>\n<li>bei Bedarf, die eigene Politik und die darauf basierende Strategie zu aktualisieren.<\/li>\n<\/ul>\n<p><strong>Marco Vitali <\/strong>Alleinverwalter<\/p>\n<\/div><\/div><\/div><div class=\"fusion-clearfix\"><\/div><\/div><\/div><\/div><\/div>\n","protected":false},"excerpt":{"rendered":"","protected":false},"author":1,"featured_media":0,"parent":0,"menu_order":0,"comment_status":"closed","ping_status":"closed","template":"100-width.php","meta":{"footnotes":""},"class_list":["post-9199","page","type-page","status-publish","hentry"],"_links":{"self":[{"href":"https:\/\/www.vitali.com\/de\/wp-json\/wp\/v2\/pages\/9199","targetHints":{"allow":["GET"]}}],"collection":[{"href":"https:\/\/www.vitali.com\/de\/wp-json\/wp\/v2\/pages"}],"about":[{"href":"https:\/\/www.vitali.com\/de\/wp-json\/wp\/v2\/types\/page"}],"author":[{"embeddable":true,"href":"https:\/\/www.vitali.com\/de\/wp-json\/wp\/v2\/users\/1"}],"replies":[{"embeddable":true,"href":"https:\/\/www.vitali.com\/de\/wp-json\/wp\/v2\/comments?post=9199"}],"version-history":[{"count":0,"href":"https:\/\/www.vitali.com\/de\/wp-json\/wp\/v2\/pages\/9199\/revisions"}],"wp:attachment":[{"href":"https:\/\/www.vitali.com\/de\/wp-json\/wp\/v2\/media?parent=9199"}],"curies":[{"name":"wp","href":"https:\/\/api.w.org\/{rel}","templated":true}]}}