{"id":8944,"date":"2015-02-20T20:12:13","date_gmt":"2015-02-20T19:12:13","guid":{"rendered":"https:\/\/www.vitali.com\/azienda\/"},"modified":"2019-09-02T16:38:00","modified_gmt":"2019-09-02T14:38:00","slug":"unternehmen-hersteller-behandlungseinheiten","status":"publish","type":"page","link":"https:\/\/www.vitali.com\/de\/unternehmen-hersteller-behandlungseinheiten\/","title":{"rendered":"Unternehmen"},"content":{"rendered":"<p><div class=\"fusion-fullwidth fullwidth-box fusion-builder-row-1 nonhundred-percent-fullwidth non-hundred-percent-height-scrolling fusion-equal-height-columns gradient-container-1\" style=\"--awb-background-position:left top;--awb-border-radius-top-left:0px;--awb-border-radius-top-right:0px;--awb-border-radius-bottom-right:0px;--awb-border-radius-bottom-left:0px;--awb-padding-top:0px;--awb-padding-bottom:10px;--awb-border-sizes-top:0px;--awb-border-sizes-bottom:0px;--awb-flex-wrap:wrap;\" ><div class=\"fusion-builder-row fusion-row\"><div class=\"fusion-layout-column fusion_builder_column fusion-builder-column-0 fusion_builder_column_1_1 1_1 fusion-one-full fusion-column-first fusion-column-last fusion-column-no-min-height\" style=\"--awb-bg-size:cover;--awb-margin-bottom:0px;\"><div class=\"fusion-column-wrapper fusion-flex-column-wrapper-legacy\"><div class=\"fusion-text fusion-text-1\"><h1>VITALI<\/h1>\n<\/div><div class=\"fusion-clearfix\"><\/div><\/div><\/div><div class=\"fusion-layout-column fusion_builder_column fusion-builder-column-1 fusion_builder_column_3_5 3_5 fusion-three-fifth fusion-column-first\" style=\"--awb-bg-color:#ffffff;--awb-bg-color-hover:#ffffff;--awb-bg-size:cover;--awb-margin-bottom:0px;\"><div class=\"fusion-column-wrapper fusion-flex-column-wrapper-legacy\"><div class=\"fusion-column-content-centered\"><div class=\"fusion-column-content\"><div class=\"fusion-image-element fusion-image-align-center in-legacy-container\" style=\"text-align:center;--awb-caption-title-font-family:var(--h2_typography-font-family);--awb-caption-title-font-weight:var(--h2_typography-font-weight);--awb-caption-title-font-style:var(--h2_typography-font-style);--awb-caption-title-size:var(--h2_typography-font-size);--awb-caption-title-transform:var(--h2_typography-text-transform);--awb-caption-title-line-height:var(--h2_typography-line-height);--awb-caption-title-letter-spacing:var(--h2_typography-letter-spacing);\"><div class=\"imageframe-align-center\"><span class=\" fusion-imageframe imageframe-none imageframe-1 hover-type-none\"><img decoding=\"async\" width=\"840\" height=\"470\" alt=\"Vitali srl \" title=\"aboutus_vitali\" src=\"https:\/\/www.vitali.com\/wp-content\/uploads\/2015\/02\/aboutus_vitali.jpg\" class=\"img-responsive wp-image-8946\" srcset=\"https:\/\/www.vitali.com\/wp-content\/uploads\/2015\/02\/aboutus_vitali-200x112.jpg 200w, https:\/\/www.vitali.com\/wp-content\/uploads\/2015\/02\/aboutus_vitali-400x224.jpg 400w, https:\/\/www.vitali.com\/wp-content\/uploads\/2015\/02\/aboutus_vitali-600x336.jpg 600w, https:\/\/www.vitali.com\/wp-content\/uploads\/2015\/02\/aboutus_vitali-800x448.jpg 800w, https:\/\/www.vitali.com\/wp-content\/uploads\/2015\/02\/aboutus_vitali.jpg 840w\" sizes=\"(max-width: 800px) 100vw, 800px\" \/><\/span><\/div><\/div><\/div><\/div><div class=\"fusion-clearfix\"><\/div><\/div><\/div><div class=\"fusion-layout-column fusion_builder_column fusion-builder-column-2 fusion_builder_column_2_5 2_5 fusion-two-fifth fusion-column-last\" style=\"--awb-padding-top:5px;--awb-padding-right:25px;--awb-padding-bottom:5px;--awb-padding-left:25px;--awb-bg-color:#ffffff;--awb-bg-color-hover:#ffffff;--awb-bg-size:cover;--awb-border-color:#e2e2e2;--awb-border-style:solid;--awb-margin-bottom:0px;\"><div class=\"fusion-column-wrapper fusion-flex-column-wrapper-legacy\"><div class=\"fusion-column-content-centered\"><div class=\"fusion-column-content\"><div class=\"fusion-text fusion-text-2\"><h3>HERSTELLER VON BEHANDLUNGSEINHEITEN<\/h3>\n<p>Eine jahrzehntelange Tradition als Hersteller von Behandlungseinheiten.<br \/>\nVITALI hat \u00fcber viele Jahrzehnte eine lange Tradition in der Herstellung von Zahnarzt Behandlungsst\u00fchlen aufgebaut. Erfahrung, Technologie und die Suche nach immer neuen Designideen zeichnet das Unternehmen aus. Wenige Hersteller in der Dentalbranche legen so viel Wert auf Qualit\u00e4t, Transparenz und eine enge Kundenanbindung.<br \/>\nEin Familienbetrieb mit \u00fcber 60 Geschichte, der italienische Kreativit\u00e4t, technische Intuition und menschliche Werte in sich vereint.<\/p>\n<\/div><\/div><\/div><div class=\"fusion-clearfix\"><\/div><\/div><\/div><\/div><\/div><div class=\"fusion-fullwidth fullwidth-box fusion-builder-row-2 nonhundred-percent-fullwidth non-hundred-percent-height-scrolling fusion-equal-height-columns gradient-container-2\" style=\"--awb-background-position:left top;--awb-border-radius-top-left:0px;--awb-border-radius-top-right:0px;--awb-border-radius-bottom-right:0px;--awb-border-radius-bottom-left:0px;--awb-padding-top:30px;--awb-padding-bottom:10px;--awb-border-sizes-top:0px;--awb-border-sizes-bottom:0px;--awb-flex-wrap:wrap;\" ><div class=\"fusion-builder-row fusion-row\"><div class=\"fusion-layout-column fusion_builder_column fusion-builder-column-3 fusion_builder_column_2_5 2_5 fusion-two-fifth fusion-column-first\" style=\"--awb-padding-top:5px;--awb-padding-right:25px;--awb-padding-bottom:5px;--awb-padding-left:25px;--awb-bg-color:#ffffff;--awb-bg-color-hover:#ffffff;--awb-bg-size:cover;--awb-border-color:#e2e2e2;--awb-border-style:solid;--awb-margin-bottom:0px;\"><div class=\"fusion-column-wrapper fusion-flex-column-wrapper-legacy\"><div class=\"fusion-column-content-centered\"><div class=\"fusion-column-content\"><div class=\"fusion-text fusion-text-3\"><h3>FIRMENSITZ<\/h3>\n<p><strong>Vitali<\/strong> produziert die ersten Zahnarztst\u00fchle im Jahr 1953 und etabliert sich sehr schnell auf dem Markt als f\u00fchrender Hersteller von Behandlungseinheiten: Zuverl\u00e4ssigkeit, Innovation und Kundenorientierung zeichnen die Firma von Anfang aus. Im Januar 2009 wird die Produktion in die neue, hochmoderne Fabrik in San Marino di Bentivoglio, Bologna verlagert. Das Produktionsgeb\u00e4ude, nach Kriterien modernster Bioarchitektur gebaut, umfasst den kompletten Herstellungszyklus der VITALI Behandlungseinheiten.<\/p>\n<\/div><\/div><\/div><div class=\"fusion-clearfix\"><\/div><\/div><\/div><div class=\"fusion-layout-column fusion_builder_column fusion-builder-column-4 fusion_builder_column_3_5 3_5 fusion-three-fifth fusion-column-last\" style=\"--awb-bg-color:#ffffff;--awb-bg-color-hover:#ffffff;--awb-bg-position:left center;--awb-bg-size:cover;--awb-border-color:#e2e2e2;--awb-border-style:solid;--awb-margin-bottom:0px;\"><div class=\"fusion-column-wrapper fusion-flex-column-wrapper-legacy\"><div class=\"fusion-column-content-centered\"><div class=\"fusion-column-content\"><div class=\"fusion-image-element fusion-image-align-center in-legacy-container\" style=\"text-align:center;--awb-caption-title-font-family:var(--h2_typography-font-family);--awb-caption-title-font-weight:var(--h2_typography-font-weight);--awb-caption-title-font-style:var(--h2_typography-font-style);--awb-caption-title-size:var(--h2_typography-font-size);--awb-caption-title-transform:var(--h2_typography-text-transform);--awb-caption-title-line-height:var(--h2_typography-line-height);--awb-caption-title-letter-spacing:var(--h2_typography-letter-spacing);\"><div class=\"imageframe-align-center\"><span class=\" fusion-imageframe imageframe-none imageframe-2 hover-type-none\"><img decoding=\"async\" width=\"840\" height=\"470\" alt=\"Vitali riuniti dentali\" title=\"Vitali-About-4\" src=\"https:\/\/www.vitali.com\/wp-content\/uploads\/2015\/02\/Vitali-About-4.jpg\" class=\"img-responsive wp-image-8954\" srcset=\"https:\/\/www.vitali.com\/wp-content\/uploads\/2015\/02\/Vitali-About-4-300x168.jpg 300w, https:\/\/www.vitali.com\/wp-content\/uploads\/2015\/02\/Vitali-About-4-610x341.jpg 610w, https:\/\/www.vitali.com\/wp-content\/uploads\/2015\/02\/Vitali-About-4.jpg 840w\" sizes=\"(max-width: 840px) 100vw, 840px\" \/><\/span><\/div><\/div><\/div><\/div><div class=\"fusion-clearfix\"><\/div><\/div><\/div><\/div><\/div><div class=\"fusion-fullwidth fullwidth-box fusion-builder-row-3 nonhundred-percent-fullwidth non-hundred-percent-height-scrolling fusion-equal-height-columns gradient-container-3\" style=\"--awb-background-position:left top;--awb-border-radius-top-left:0px;--awb-border-radius-top-right:0px;--awb-border-radius-bottom-right:0px;--awb-border-radius-bottom-left:0px;--awb-padding-top:30px;--awb-padding-bottom:10px;--awb-border-sizes-top:0px;--awb-border-sizes-bottom:0px;--awb-flex-wrap:wrap;\" ><div class=\"fusion-builder-row fusion-row\"><div class=\"fusion-layout-column fusion_builder_column fusion-builder-column-5 fusion_builder_column_3_5 3_5 fusion-three-fifth fusion-column-first\" style=\"--awb-bg-color:#ffffff;--awb-bg-color-hover:#ffffff;--awb-bg-position:center center;--awb-bg-size:cover;--awb-border-color:#e2e2e2;--awb-border-style:solid;--awb-margin-bottom:0px;\"><div class=\"fusion-column-wrapper fusion-flex-column-wrapper-legacy\"><div class=\"fusion-column-content-centered\"><div class=\"fusion-column-content\"><div class=\"fusion-image-element fusion-image-align-center in-legacy-container\" style=\"text-align:center;--awb-caption-title-font-family:var(--h2_typography-font-family);--awb-caption-title-font-weight:var(--h2_typography-font-weight);--awb-caption-title-font-style:var(--h2_typography-font-style);--awb-caption-title-size:var(--h2_typography-font-size);--awb-caption-title-transform:var(--h2_typography-text-transform);--awb-caption-title-line-height:var(--h2_typography-line-height);--awb-caption-title-letter-spacing:var(--h2_typography-letter-spacing);\"><div class=\"imageframe-align-center\"><span class=\" fusion-imageframe imageframe-none imageframe-3 hover-type-none\"><img decoding=\"async\" width=\"840\" height=\"470\" alt=\"Vitali - Collaudo e controllo prodotti\" title=\"aboutus_macchinario\" src=\"https:\/\/www.vitali.com\/wp-content\/uploads\/2015\/02\/aboutus_macchinario.jpg\" class=\"img-responsive wp-image-8957\" srcset=\"https:\/\/www.vitali.com\/wp-content\/uploads\/2015\/02\/aboutus_macchinario-300x168.jpg 300w, https:\/\/www.vitali.com\/wp-content\/uploads\/2015\/02\/aboutus_macchinario-610x341.jpg 610w, https:\/\/www.vitali.com\/wp-content\/uploads\/2015\/02\/aboutus_macchinario.jpg 840w\" sizes=\"(max-width: 840px) 100vw, 840px\" \/><\/span><\/div><\/div><\/div><\/div><div class=\"fusion-clearfix\"><\/div><\/div><\/div><div class=\"fusion-layout-column fusion_builder_column fusion-builder-column-6 fusion_builder_column_2_5 2_5 fusion-two-fifth fusion-column-last\" style=\"--awb-padding-top:5px;--awb-padding-right:25px;--awb-padding-bottom:5px;--awb-padding-left:25px;--awb-bg-color:#ffffff;--awb-bg-color-hover:#ffffff;--awb-bg-size:cover;--awb-border-color:#e2e2e2;--awb-border-style:solid;--awb-margin-bottom:0px;\"><div class=\"fusion-column-wrapper fusion-flex-column-wrapper-legacy\"><div class=\"fusion-column-content-centered\"><div class=\"fusion-column-content\"><div class=\"fusion-text fusion-text-4\"><h3>PRODUKTION<\/h3>\n<p>Auf dem 3000m2 gro\u00dfen Produktionsareal, dass das komplette Lager umfasst, werden Arbeitsabl\u00e4ufe rationalisiert und die Kommunikation erleichtert. VITALI garantiert h\u00f6chste Qualit\u00e4t durch st\u00e4ndige Materialkontrollen, eine strenge Lieferanten\u00fcberwachung und umfangreiche Abnahmetests mit modernsten, elektronischen Testeinrichtungen.<\/p>\n<\/div><\/div><\/div><div class=\"fusion-clearfix\"><\/div><\/div><\/div><\/div><\/div><div class=\"fusion-fullwidth fullwidth-box fusion-builder-row-4 nonhundred-percent-fullwidth non-hundred-percent-height-scrolling fusion-equal-height-columns gradient-container-4\" style=\"--awb-background-position:left top;--awb-border-radius-top-left:0px;--awb-border-radius-top-right:0px;--awb-border-radius-bottom-right:0px;--awb-border-radius-bottom-left:0px;--awb-padding-top:30px;--awb-padding-bottom:10px;--awb-border-sizes-top:0px;--awb-border-sizes-bottom:0px;--awb-flex-wrap:wrap;\" ><div class=\"fusion-builder-row fusion-row\"><div class=\"fusion-layout-column fusion_builder_column fusion-builder-column-7 fusion_builder_column_2_5 2_5 fusion-two-fifth fusion-column-first\" style=\"--awb-padding-top:5px;--awb-padding-right:25px;--awb-padding-bottom:5px;--awb-padding-left:25px;--awb-bg-color:#ffffff;--awb-bg-color-hover:#ffffff;--awb-bg-size:cover;--awb-border-color:#e2e2e2;--awb-border-style:solid;--awb-margin-bottom:0px;\"><div class=\"fusion-column-wrapper fusion-flex-column-wrapper-legacy\"><div class=\"fusion-column-content-centered\"><div class=\"fusion-column-content\"><div class=\"fusion-text fusion-text-5\"><h3>KUNDENBETREUUNG<\/h3>\n<p>Unsere Kunden sch\u00e4tzen die au\u00dfergew\u00f6hnliche Produktqualit\u00e4t und den effizienten Kundendienst. Alle H\u00e4ndler und Serviceleister werden sorgsam ausgesucht und unterst\u00fctzen Zahn\u00e4rzte mit einer beratenden T\u00e4tigkeit, um den neuesten Normen im Dentalsektor gerecht zu werden. VITALI garantiert schnelle Kundenbetreuung und l\u00fcckenlosen Wartungsdienst, auch bei \u00e4lteren Behandlungseinheiten.<\/p>\n<\/div><\/div><\/div><div class=\"fusion-clearfix\"><\/div><\/div><\/div><div class=\"fusion-layout-column fusion_builder_column fusion-builder-column-8 fusion_builder_column_3_5 3_5 fusion-three-fifth fusion-column-last\" style=\"--awb-bg-color:#ffffff;--awb-bg-color-hover:#ffffff;--awb-bg-position:left center;--awb-bg-size:cover;--awb-border-color:#e2e2e2;--awb-border-style:solid;--awb-margin-bottom:0px;\"><div class=\"fusion-column-wrapper fusion-flex-column-wrapper-legacy\"><div class=\"fusion-column-content-centered\"><div class=\"fusion-column-content\"><div class=\"fusion-image-element fusion-image-align-center in-legacy-container\" style=\"text-align:center;--awb-caption-title-font-family:var(--h2_typography-font-family);--awb-caption-title-font-weight:var(--h2_typography-font-weight);--awb-caption-title-font-style:var(--h2_typography-font-style);--awb-caption-title-size:var(--h2_typography-font-size);--awb-caption-title-transform:var(--h2_typography-text-transform);--awb-caption-title-line-height:var(--h2_typography-line-height);--awb-caption-title-letter-spacing:var(--h2_typography-letter-spacing);\"><div class=\"imageframe-align-center\"><span class=\" fusion-imageframe imageframe-none imageframe-4 hover-type-none\"><img decoding=\"async\" width=\"840\" height=\"470\" alt=\"Vitali assistenza clienti\" title=\"vitali_lavoratore\" src=\"https:\/\/www.vitali.com\/wp-content\/uploads\/2015\/02\/vitali_lavoratore.jpg\" class=\"img-responsive wp-image-8958\" srcset=\"https:\/\/www.vitali.com\/wp-content\/uploads\/2015\/02\/vitali_lavoratore-300x168.jpg 300w, https:\/\/www.vitali.com\/wp-content\/uploads\/2015\/02\/vitali_lavoratore-610x341.jpg 610w, https:\/\/www.vitali.com\/wp-content\/uploads\/2015\/02\/vitali_lavoratore.jpg 840w\" sizes=\"(max-width: 840px) 100vw, 840px\" \/><\/span><\/div><\/div><\/div><\/div><div class=\"fusion-clearfix\"><\/div><\/div><\/div><\/div><\/div><div class=\"fusion-fullwidth fullwidth-box fusion-builder-row-5 nonhundred-percent-fullwidth non-hundred-percent-height-scrolling fusion-equal-height-columns gradient-container-5\" style=\"--awb-background-position:left top;--awb-border-radius-top-left:0px;--awb-border-radius-top-right:0px;--awb-border-radius-bottom-right:0px;--awb-border-radius-bottom-left:0px;--awb-padding-top:30px;--awb-padding-bottom:40px;--awb-border-sizes-top:0px;--awb-border-sizes-bottom:0px;--awb-flex-wrap:wrap;\" ><div class=\"fusion-builder-row fusion-row\"><div class=\"fusion-layout-column fusion_builder_column fusion-builder-column-9 fusion_builder_column_1_4 1_4 fusion-one-fourth fusion-column-first\" style=\"--awb-padding-top:20px;--awb-padding-right:20px;--awb-padding-bottom:20px;--awb-padding-left:20px;--awb-bg-color:#ffffff;--awb-bg-color-hover:#ffffff;--awb-bg-position:left center;--awb-bg-size:cover;--awb-border-color:#e2e2e2;--awb-border-top:0px;--awb-border-right:0px;--awb-border-bottom:0px;--awb-border-left:0px;--awb-border-style:solid;--awb-margin-bottom:0px;\"><div class=\"fusion-column-wrapper fusion-flex-column-wrapper-legacy\"><div class=\"fusion-column-content-centered\"><div class=\"fusion-column-content\"><div class=\"fusion-image-element fusion-image-align-right in-legacy-container\" style=\"text-align:right;--awb-caption-title-font-family:var(--h2_typography-font-family);--awb-caption-title-font-weight:var(--h2_typography-font-weight);--awb-caption-title-font-style:var(--h2_typography-font-style);--awb-caption-title-size:var(--h2_typography-font-size);--awb-caption-title-transform:var(--h2_typography-text-transform);--awb-caption-title-line-height:var(--h2_typography-line-height);--awb-caption-title-letter-spacing:var(--h2_typography-letter-spacing);\"><span class=\" fusion-imageframe imageframe-none imageframe-5 hover-type-none\" style=\"margin-left:25px;float:right;\"><img decoding=\"async\" width=\"600\" height=\"584\" alt=\"Vitali assistenza clienti\" title=\"BOLLONE-2014\" src=\"https:\/\/www.vitali.com\/wp-content\/uploads\/2015\/10\/BOLLONE-2014.jpg\" class=\"img-responsive wp-image-9200\" srcset=\"https:\/\/www.vitali.com\/wp-content\/uploads\/2015\/10\/BOLLONE-2014-52x50.jpg 52w, https:\/\/www.vitali.com\/wp-content\/uploads\/2015\/10\/BOLLONE-2014-300x292.jpg 300w, https:\/\/www.vitali.com\/wp-content\/uploads\/2015\/10\/BOLLONE-2014.jpg 600w\" sizes=\"(max-width: 600px) 100vw, 600px\" \/><\/span><\/div><\/div><\/div><div class=\"fusion-clearfix\"><\/div><\/div><\/div><div class=\"fusion-layout-column fusion_builder_column fusion-builder-column-10 fusion_builder_column_1_2 1_2 fusion-one-half\" style=\"--awb-padding-top:25px;--awb-padding-right:25px;--awb-padding-bottom:25px;--awb-padding-left:25px;--awb-bg-color:#ffffff;--awb-bg-color-hover:#ffffff;--awb-bg-size:cover;--awb-border-color:#e2e2e2;--awb-border-top:0px;--awb-border-right:0px;--awb-border-bottom:0px;--awb-border-left:0px;--awb-border-style:solid;--awb-margin-bottom:0px;\"><div class=\"fusion-column-wrapper fusion-flex-column-wrapper-legacy\"><div class=\"fusion-column-content-centered\"><div class=\"fusion-column-content\"><div class=\"fusion-text fusion-text-6\"><h3>QUALIT\u00c4TSPOLITIK<\/h3>\n<p>Mehr zu unserer Qualit\u00e4tspolitik <strong>LESEN<\/strong><\/p>\n<\/div><\/div><\/div><div class=\"fusion-clearfix\"><\/div><\/div><\/div><div class=\"fusion-layout-column fusion_builder_column fusion-builder-column-11 fusion_builder_column_1_4 1_4 fusion-one-fourth fusion-column-last\" style=\"--awb-padding-top:25px;--awb-padding-right:25px;--awb-padding-bottom:25px;--awb-padding-left:25px;--awb-bg-color:#ffffff;--awb-bg-color-hover:#ffffff;--awb-bg-size:cover;--awb-border-color:#e2e2e2;--awb-border-top:0px;--awb-border-right:0px;--awb-border-bottom:0px;--awb-border-left:0px;--awb-border-style:solid;--awb-margin-bottom:0px;\"><div class=\"fusion-column-wrapper fusion-flex-column-wrapper-legacy\"><div class=\"fusion-column-content-centered\"><div class=\"fusion-column-content\"><div class=\"fusion-button-wrapper\"><a class=\"fusion-button button-flat fusion-button-default-size button-default fusion-button-default button-1 fusion-button-default-span fusion-button-default-type\" target=\"_self\" href=\"https:\/\/www.vitali.com\/de\/unternehmen\/qualitaetspolitik\/\"><span class=\"fusion-button-text awb-button__text awb-button__text--default\">Lesen<\/span><\/a><\/div><\/div><\/div><div class=\"fusion-clearfix\"><\/div><\/div><\/div><\/div><\/div><div class=\"fusion-fullwidth fullwidth-box fusion-builder-row-6 nonhundred-percent-fullwidth non-hundred-percent-height-scrolling fusion-equal-height-columns gradient-container-6\" style=\"--awb-background-position:left top;--awb-border-radius-top-left:0px;--awb-border-radius-top-right:0px;--awb-border-radius-bottom-right:0px;--awb-border-radius-bottom-left:0px;--awb-background-color:#083b7d;--awb-border-sizes-top:0px;--awb-border-sizes-bottom:0px;--awb-flex-wrap:wrap;\" ><div class=\"fusion-builder-row fusion-row\"><div class=\"fusion-layout-column fusion_builder_column fusion-builder-column-12 fusion_builder_column_1_1 1_1 fusion-one-full fusion-column-first fusion-column-last\" style=\"--awb-bg-size:cover;--awb-margin-bottom:0px;\"><div class=\"fusion-column-wrapper fusion-flex-column-wrapper-legacy\"><div class=\"fusion-text fusion-text-7\"><h1 style=\"text-align: center;\"><span style=\"color: #ffffff;\">FRAGEN SIE UNSERE EXPERTEN<\/span><br \/>\n<span style=\"color: #ffffff;\">UND LASSEN SIE SICH ZU DEN DENTALEN BEHANDLUNGSEINHEITEN BERATEN<\/span><br \/>\n<span style=\"color: #ffffff;\">Sie erreichen uns telefonisch unter 0039 051 700 490<\/span><\/h1>\n<\/div><div class=\"fusion-clearfix\"><\/div><\/div><\/div><\/div><\/div><\/p>\n","protected":false},"excerpt":{"rendered":"","protected":false},"author":1,"featured_media":8946,"parent":0,"menu_order":0,"comment_status":"closed","ping_status":"closed","template":"100-width.php","meta":{"footnotes":""},"class_list":["post-8944","page","type-page","status-publish","has-post-thumbnail","hentry"],"_links":{"self":[{"href":"https:\/\/www.vitali.com\/de\/wp-json\/wp\/v2\/pages\/8944","targetHints":{"allow":["GET"]}}],"collection":[{"href":"https:\/\/www.vitali.com\/de\/wp-json\/wp\/v2\/pages"}],"about":[{"href":"https:\/\/www.vitali.com\/de\/wp-json\/wp\/v2\/types\/page"}],"author":[{"embeddable":true,"href":"https:\/\/www.vitali.com\/de\/wp-json\/wp\/v2\/users\/1"}],"replies":[{"embeddable":true,"href":"https:\/\/www.vitali.com\/de\/wp-json\/wp\/v2\/comments?post=8944"}],"version-history":[{"count":0,"href":"https:\/\/www.vitali.com\/de\/wp-json\/wp\/v2\/pages\/8944\/revisions"}],"wp:featuredmedia":[{"embeddable":true,"href":"https:\/\/www.vitali.com\/de\/wp-json\/wp\/v2\/media\/8946"}],"wp:attachment":[{"href":"https:\/\/www.vitali.com\/de\/wp-json\/wp\/v2\/media?parent=8944"}],"curies":[{"name":"wp","href":"https:\/\/api.w.org\/{rel}","templated":true}]}}